{"id":6593,"date":"2020-08-11T14:17:01","date_gmt":"2020-08-11T14:17:01","guid":{"rendered":"https:\/\/lagar.vamtam.com\/?post_type=product&#038;p=6593"},"modified":"2024-11-19T16:56:26","modified_gmt":"2024-11-19T16:56:26","slug":"ripe-land","status":"publish","type":"product","link":"https:\/\/pech-latt.com\/en\/produit\/terres-mures\/","title":{"rendered":"TERRES M\u00dbRES"},"content":{"rendered":"<p>TERRES M\u00dbRES est un AOC Corbi\u00e8res \u00e0 dominante de Syrah qui lui conf\u00e8re sa rondeur. Le Carignan quant \u00e0 lui, apporte une agr\u00e9able fra\u00eecheur et une belle acidit\u00e9.<\/p>\n<p>A cuv\u00e9e armed with patience, it comes from vines chosen among all which have given this perfume of black fruit forbidden by its brambles.<\/p>","protected":false},"excerpt":{"rendered":"<p>TERRES M\u00dbRES est un AOC Corbi\u00e8res \u00e0 dominante de Syrah qui lui conf\u00e8re sa rondeur. Le Carignan quant \u00e0 lui, apporte une agr\u00e9able fra\u00eecheur et une belle acidit\u00e9.<\/p>\n<p>A cuv\u00e9e armed with patience, it comes from vines chosen among all which have given this perfume of black fruit forbidden by its brambles.<\/p>","protected":false},"featured_media":1112453,"template":"","meta":{"_acf_changed":false,"wds_primary_product_brand":0,"wds_primary_product_cat":0},"product_brand":[],"product_cat":[15],"product_tag":[],"class_list":{"0":"post-6593","1":"product","2":"type-product","3":"status-publish","4":"has-post-thumbnail","6":"product_cat-millesime","7":"pa_format-75cl","8":"pa_millesime-54","9":"pa_millesime-96","11":"first","12":"instock","13":"taxable","14":"shipping-taxable","15":"purchasable","16":"product-type-variable"},"acf":[],"publishpress_future_workflow_manual_trigger":{"enabledWorkflows":[]},"_links":{"self":[{"href":"https:\/\/pech-latt.com\/en\/wp-json\/wp\/v2\/product\/6593","targetHints":{"allow":["GET"]}}],"collection":[{"href":"https:\/\/pech-latt.com\/en\/wp-json\/wp\/v2\/product"}],"about":[{"href":"https:\/\/pech-latt.com\/en\/wp-json\/wp\/v2\/types\/product"}],"version-history":[{"count":1,"href":"https:\/\/pech-latt.com\/en\/wp-json\/wp\/v2\/product\/6593\/revisions"}],"predecessor-version":[{"id":1114180,"href":"https:\/\/pech-latt.com\/en\/wp-json\/wp\/v2\/product\/6593\/revisions\/1114180"}],"wp:featuredmedia":[{"embeddable":true,"href":"https:\/\/pech-latt.com\/en\/wp-json\/wp\/v2\/media\/1112453"}],"wp:attachment":[{"href":"https:\/\/pech-latt.com\/en\/wp-json\/wp\/v2\/media?parent=6593"}],"wp:term":[{"taxonomy":"product_brand","embeddable":true,"href":"https:\/\/pech-latt.com\/en\/wp-json\/wp\/v2\/product_brand?post=6593"},{"taxonomy":"product_cat","embeddable":true,"href":"https:\/\/pech-latt.com\/en\/wp-json\/wp\/v2\/product_cat?post=6593"},{"taxonomy":"product_tag","embeddable":true,"href":"https:\/\/pech-latt.com\/en\/wp-json\/wp\/v2\/product_tag?post=6593"}],"curies":[{"name":"wp","href":"https:\/\/api.w.org\/{rel}","templated":true}]}}