{"id":6588,"date":"2020-08-11T14:14:21","date_gmt":"2020-08-11T14:14:21","guid":{"rendered":"https:\/\/lagar.vamtam.com\/?post_type=product&#038;p=6588"},"modified":"2024-10-17T07:06:34","modified_gmt":"2024-10-17T07:06:34","slug":"maquis-de-corbes","status":"publish","type":"product","link":"https:\/\/pech-latt.com\/en\/produit\/maquis-de-corbes\/","title":{"rendered":"LE MAQUIS DES CORBES"},"content":{"rendered":"","protected":false},"excerpt":{"rendered":"<p>Our <strong>MAQUIS DES CORBES<\/strong> is an <strong>organic wine from Corbi\u00e8res<\/strong> fruit d&rsquo;un assemblage de 3 des plus embl\u00e9matiques c\u00e9pages des Corbi\u00e8res : Grenache, Carignan et Mourv\u00e8dre.<\/p>\n<p>Son esprit de r\u00e9sistance est celui de son c\u00e9page dominant, le Carignan qui lutte contre les vents balayant la r\u00e9gion et le maquis, o\u00f9 se chuchotent les mots de courage et de patience.<\/p>","protected":false},"featured_media":1112438,"template":"","meta":{"_acf_changed":false,"wds_primary_product_brand":0,"wds_primary_product_cat":0},"product_brand":[],"product_cat":[15],"product_tag":[],"class_list":{"0":"post-6588","1":"product","2":"type-product","3":"status-publish","4":"has-post-thumbnail","6":"product_cat-millesime","7":"pa_format-75cl","8":"pa_millesime-96","10":"first","11":"instock","12":"taxable","13":"shipping-taxable","14":"purchasable","15":"product-type-variable"},"acf":[],"publishpress_future_workflow_manual_trigger":{"enabledWorkflows":[]},"_links":{"self":[{"href":"https:\/\/pech-latt.com\/en\/wp-json\/wp\/v2\/product\/6588","targetHints":{"allow":["GET"]}}],"collection":[{"href":"https:\/\/pech-latt.com\/en\/wp-json\/wp\/v2\/product"}],"about":[{"href":"https:\/\/pech-latt.com\/en\/wp-json\/wp\/v2\/types\/product"}],"version-history":[{"count":0,"href":"https:\/\/pech-latt.com\/en\/wp-json\/wp\/v2\/product\/6588\/revisions"}],"wp:featuredmedia":[{"embeddable":true,"href":"https:\/\/pech-latt.com\/en\/wp-json\/wp\/v2\/media\/1112438"}],"wp:attachment":[{"href":"https:\/\/pech-latt.com\/en\/wp-json\/wp\/v2\/media?parent=6588"}],"wp:term":[{"taxonomy":"product_brand","embeddable":true,"href":"https:\/\/pech-latt.com\/en\/wp-json\/wp\/v2\/product_brand?post=6588"},{"taxonomy":"product_cat","embeddable":true,"href":"https:\/\/pech-latt.com\/en\/wp-json\/wp\/v2\/product_cat?post=6588"},{"taxonomy":"product_tag","embeddable":true,"href":"https:\/\/pech-latt.com\/en\/wp-json\/wp\/v2\/product_tag?post=6588"}],"curies":[{"name":"wp","href":"https:\/\/api.w.org\/{rel}","templated":true}]}}