{"id":990461,"date":"2024-04-19T17:12:46","date_gmt":"2024-04-19T17:12:46","guid":{"rendered":"https:\/\/pech-latt.51-210-255-92.plesk.page\/?page_id=990461"},"modified":"2026-02-04T13:35:30","modified_gmt":"2026-02-04T13:35:30","slug":"our-wines","status":"publish","type":"page","link":"https:\/\/pech-latt.com\/en\/nos-vins\/","title":{"rendered":"Our Wines"},"content":{"rendered":"<div data-elementor-type=\"wp-page\" data-elementor-id=\"990461\" class=\"elementor elementor-990461\" data-elementor-post-type=\"page\">\n\t\t\t\t\t\t<section class=\"elementor-section elementor-top-section elementor-element elementor-element-f010f36 elementor-section-full_width elementor-section-height-default elementor-section-height-default\" data-id=\"f010f36\" data-element_type=\"section\" data-e-type=\"section\">\n\t\t\t\t\t\t<div class=\"elementor-container elementor-column-gap-default\">\n\t\t\t\t\t<div class=\"elementor-column elementor-col-100 elementor-top-column elementor-element elementor-element-bb562c4\" data-id=\"bb562c4\" data-element_type=\"column\" data-e-type=\"column\">\n\t\t\t<div class=\"elementor-widget-wrap elementor-element-populated\">\n\t\t\t\t\t\t<div class=\"elementor-element elementor-element-f9d7c5d elementor-widget elementor-widget-heading\" data-id=\"f9d7c5d\" data-element_type=\"widget\" data-e-type=\"widget\" data-widget_type=\"heading.default\">\n\t\t\t\t<div class=\"elementor-widget-container\">\n\t\t\t\t\t<h1 class=\"elementor-heading-title elementor-size-default\">Our Wines<\/h1>\t\t\t\t<\/div>\n\t\t\t\t<\/div>\n\t\t\t\t<div class=\"elementor-element elementor-element-a8fa0bd elementor-widget elementor-widget-heading\" data-id=\"a8fa0bd\" data-element_type=\"widget\" data-e-type=\"widget\" data-widget_type=\"heading.default\">\n\t\t\t\t<div class=\"elementor-widget-container\">\n\t\t\t\t\t<h2 class=\"elementor-heading-title elementor-size-default\">ORGANIC GEM, JEWEL OF THE CORBI\u00c8RES<\/h2>\t\t\t\t<\/div>\n\t\t\t\t<\/div>\n\t\t\t\t<div class=\"elementor-element elementor-element-b2286ad elementor-widget elementor-widget-shortcode\" data-id=\"b2286ad\" data-element_type=\"widget\" data-e-type=\"widget\" data-widget_type=\"shortcode.default\">\n\t\t\t\t<div class=\"elementor-widget-container\">\n\t\t\t\t\t\t\t<div class=\"elementor-shortcode\"><\/div>\n\t\t\t\t\t\t<\/div>\n\t\t\t\t<\/div>\n\t\t\t\t<div class=\"elementor-element elementor-element-8cfcf64 elementor-grid-mobile-1 elementor-grid-4 elementor-grid-tablet-3 elementor-products-grid elementor-wc-products elementor-widget elementor-widget-woocommerce-products\" data-id=\"8cfcf64\" data-element_type=\"widget\" data-e-type=\"widget\" data-widget_type=\"woocommerce-products.default\">\n\t\t\t\t<div class=\"elementor-widget-container\">\n\t\t\t\t\t<div class=\"woocommerce columns-4\"><ul class=\"products elementor-grid columns-4\">\n<li class=\"product type-product post-1114232 status-publish first instock product_cat-millesime has-post-thumbnail taxable shipping-taxable purchasable product-type-simple\">\n\t<a href=\"https:\/\/pech-latt.com\/en\/produit\/collection-cepages-6-bouteilles\/\" class=\"woocommerce-LoopProduct-link woocommerce-loop-product__link\"><img fetchpriority=\"high\" decoding=\"async\" width=\"630\" height=\"891\" src=\"https:\/\/pech-latt.com\/wp-content\/uploads\/2024\/11\/vin-AOC-corbieres-chateau-pech-Latt-COFFRET-630x891.jpg\" class=\"attachment-woocommerce_thumbnail size-woocommerce_thumbnail\" alt=\"S\u00e9lection de 6 cuv\u00e9es de vins des Corbi\u00e8res Bio avec 6 c\u00e9pages embl\u00e9matiques de Ch\u00e2teau Pech-Latt\" data-xoowscfly=\"fly\" \/><h2 class=\"woocommerce-loop-product__title\">\"C\u00c9PAGES\" COLLECTION  6 BOTTLES<\/h2>\n\t<span class=\"price\"><span class='wmc-cache-pid' data-wmc_product_id='1114232'><span class=\"woocommerce-Price-amount amount\">119.00&nbsp;<span class=\"woocommerce-Price-currencySymbol\">\u20ac<\/span><\/span><\/span><\/span>\n<\/a><a href=\"\/en\/wp-json\/wp\/v2\/pages\/990461?add-to-cart=1114232\" aria-describedby=\"woocommerce_loop_add_to_cart_link_describedby_1114232\" data-quantity=\"1\" class=\"button product_type_simple add_to_cart_button ajax_add_to_cart\" data-product_id=\"1114232\" data-product_sku=\"CTCPLBLAN00C06COU075\" aria-label=\"Add to cart: &ldquo;COLLECTION &quot;C\u00c9PAGES&quot; 6 BOUTEILLES&rdquo;\" rel=\"nofollow\" data-success_message=\"&ldquo;COLLECTION &quot;C\u00c9PAGES&quot; 6 BOUTEILLES&rdquo; has been added to your cart\" role=\"button\">Add to cart<\/a>\t<span id=\"woocommerce_loop_add_to_cart_link_describedby_1114232\" class=\"screen-reader-text\">\n\t\t\t<\/span>\n<\/li>\n<li class=\"product type-product post-1113011 status-publish instock product_cat-106 product_cat-millesime has-post-thumbnail taxable shipping-taxable purchasable product-type-variable\">\n\t<a href=\"https:\/\/pech-latt.com\/en\/produit\/jardin-selan\/\" class=\"woocommerce-LoopProduct-link woocommerce-loop-product__link\"><img decoding=\"async\" width=\"630\" height=\"891\" src=\"https:\/\/pech-latt.com\/wp-content\/uploads\/2024\/04\/240426_PECH-LATT-SITE-VIGNETTE-VIN_JARDIN-SELAN-scaled.jpg\" class=\"attachment-woocommerce_thumbnail size-woocommerce_thumbnail\" alt=\"JARDIN SELAN\" srcset=\"https:\/\/pech-latt.com\/wp-content\/uploads\/2024\/04\/240426_PECH-LATT-SITE-VIGNETTE-VIN_JARDIN-SELAN-scaled-1260x1782.jpg 1260w, https:\/\/pech-latt.com\/wp-content\/uploads\/2024\/04\/240426_PECH-LATT-SITE-VIGNETTE-VIN_JARDIN-SELAN-scaled-630x891.jpg 630w\" sizes=\"(max-width: 630px) 100vw, 630px\" data-xoowscfly=\"fly\" \/><h2 class=\"woocommerce-loop-product__title\">JARDIN SELAN<\/h2>\n\t<span class=\"price\"><span class='wmc-cache-pid' data-wmc_product_id='1113011'><span class=\"ayudawp-lowest-price\"><span class=\"woocommerce-Price-amount amount\">17.00&nbsp;<span class=\"woocommerce-Price-currencySymbol\">\u20ac<\/span><\/span><\/span><\/span><\/span>\n<\/a><a href=\"https:\/\/pech-latt.com\/en\/produit\/jardin-selan\/\" aria-describedby=\"woocommerce_loop_add_to_cart_link_describedby_1113011\" data-quantity=\"1\" class=\"button product_type_variable add_to_cart_button\" data-product_id=\"1113011\" data-product_sku=\"\" aria-label=\"Select options for &ldquo;JARDIN SELAN&rdquo;\" rel=\"nofollow\">Select options<\/a>\t<span id=\"woocommerce_loop_add_to_cart_link_describedby_1113011\" class=\"screen-reader-text\">\n\t\tThis product has multiple variants. The options may be chosen on the product page\t<\/span>\n<\/li>\n<li class=\"product type-product post-6582 status-publish instock product_cat-106 product_cat-millesime product_cat-syrah has-post-thumbnail taxable shipping-taxable purchasable product-type-variable\">\n\t<a href=\"https:\/\/pech-latt.com\/en\/produit\/grand-vin-du-chateau\/\" class=\"woocommerce-LoopProduct-link woocommerce-loop-product__link\"><img decoding=\"async\" width=\"630\" height=\"891\" src=\"https:\/\/pech-latt.com\/wp-content\/uploads\/2024\/04\/240426_PECH-LATT-SITE-VIGNETTE-VIN_GRAND-VIN-DU-CHATEAU-scaled.jpg\" class=\"attachment-woocommerce_thumbnail size-woocommerce_thumbnail\" alt=\"Grand Vin du Ch\u00e2teau - Organic AOC Corbi\u00e8res wine - Ch\u00e2teau Pech-Latt\" srcset=\"https:\/\/pech-latt.com\/wp-content\/uploads\/2024\/04\/240426_PECH-LATT-SITE-VIGNETTE-VIN_GRAND-VIN-DU-CHATEAU-scaled-1260x1782.jpg 1260w, https:\/\/pech-latt.com\/wp-content\/uploads\/2024\/04\/240426_PECH-LATT-SITE-VIGNETTE-VIN_GRAND-VIN-DU-CHATEAU-scaled-630x891.jpg 630w\" sizes=\"(max-width: 630px) 100vw, 630px\" data-xoowscfly=\"fly\" \/><h2 class=\"woocommerce-loop-product__title\">GRAND VIN DU CH\u00c2TEAU<\/h2>\n\t<span class=\"price\"><span class='wmc-cache-pid' data-wmc_product_id='6582'><span class=\"ayudawp-lowest-price\"><span class=\"woocommerce-Price-amount amount\">14.00&nbsp;<span class=\"woocommerce-Price-currencySymbol\">\u20ac<\/span><\/span><\/span><\/span><\/span>\n<\/a><a href=\"https:\/\/pech-latt.com\/en\/produit\/grand-vin-du-chateau\/\" aria-describedby=\"woocommerce_loop_add_to_cart_link_describedby_6582\" data-quantity=\"1\" class=\"button product_type_variable add_to_cart_button\" data-product_id=\"6582\" data-product_sku=\"\" aria-label=\"Select options for &ldquo;GRAND VIN DU CH\u00c2TEAU&rdquo;\" rel=\"nofollow\">Select options<\/a>\t<span id=\"woocommerce_loop_add_to_cart_link_describedby_6582\" class=\"screen-reader-text\">\n\t\tThis product has multiple variants. The options may be chosen on the product page\t<\/span>\n<\/li>\n<li class=\"product type-product post-6593 status-publish last instock product_cat-millesime has-post-thumbnail taxable shipping-taxable purchasable product-type-variable\">\n\t<a href=\"https:\/\/pech-latt.com\/en\/produit\/terres-mures\/\" class=\"woocommerce-LoopProduct-link woocommerce-loop-product__link\"><img loading=\"lazy\" decoding=\"async\" width=\"630\" height=\"891\" src=\"https:\/\/pech-latt.com\/wp-content\/uploads\/2020\/08\/240426_PECH-LATT-SITE-VIGNETTE-VIN_TERRES-MURES-scaled.jpg\" class=\"attachment-woocommerce_thumbnail size-woocommerce_thumbnail\" alt=\"Terres M\u00fbres - Organic Corbi\u00e8res Wine - Ch\u00e2teau Pech-Latt\" srcset=\"https:\/\/pech-latt.com\/wp-content\/uploads\/2020\/08\/240426_PECH-LATT-SITE-VIGNETTE-VIN_TERRES-MURES-scaled-1260x1782.jpg 1260w, https:\/\/pech-latt.com\/wp-content\/uploads\/2020\/08\/240426_PECH-LATT-SITE-VIGNETTE-VIN_TERRES-MURES-scaled-630x891.jpg 630w\" sizes=\"(max-width: 630px) 100vw, 630px\" data-xoowscfly=\"fly\" \/><h2 class=\"woocommerce-loop-product__title\">TERRES M\u00dbRES<\/h2>\n\t<span class=\"price\"><span class='wmc-cache-pid' data-wmc_product_id='6593'><span class=\"ayudawp-lowest-price\"><span class=\"woocommerce-Price-amount amount\">22.00&nbsp;<span class=\"woocommerce-Price-currencySymbol\">\u20ac<\/span><\/span><\/span><\/span><\/span>\n<\/a><a href=\"https:\/\/pech-latt.com\/en\/produit\/terres-mures\/\" aria-describedby=\"woocommerce_loop_add_to_cart_link_describedby_6593\" data-quantity=\"1\" class=\"button product_type_variable add_to_cart_button\" data-product_id=\"6593\" data-product_sku=\"\" aria-label=\"Select options for &ldquo;TERRES M\u00dbRES&rdquo;\" rel=\"nofollow\">Select options<\/a>\t<span id=\"woocommerce_loop_add_to_cart_link_describedby_6593\" class=\"screen-reader-text\">\n\t\tThis product has multiple variants. The options may be chosen on the product page\t<\/span>\n<\/li>\n<li class=\"product type-product post-6591 status-publish first instock product_cat-millesime has-post-thumbnail taxable shipping-taxable purchasable product-type-variable\">\n\t<a href=\"https:\/\/pech-latt.com\/en\/produit\/memoire-dalaric\/\" class=\"woocommerce-LoopProduct-link woocommerce-loop-product__link\"><img loading=\"lazy\" decoding=\"async\" width=\"630\" height=\"891\" src=\"https:\/\/pech-latt.com\/wp-content\/uploads\/2024\/04\/240426_PECH-LATT-SITE-VIGNETTE-VIN_MEMOIRE-DALARIC-scaled.jpg\" class=\"attachment-woocommerce_thumbnail size-woocommerce_thumbnail\" alt=\"M\u00e9moire d&#039;Alaric - Organic Corbi\u00e8res Wine - Ch\u00e2teau Pech-Latt\" srcset=\"https:\/\/pech-latt.com\/wp-content\/uploads\/2024\/04\/240426_PECH-LATT-SITE-VIGNETTE-VIN_MEMOIRE-DALARIC-scaled-1260x1782.jpg 1260w, https:\/\/pech-latt.com\/wp-content\/uploads\/2024\/04\/240426_PECH-LATT-SITE-VIGNETTE-VIN_MEMOIRE-DALARIC-scaled-630x891.jpg 630w\" sizes=\"(max-width: 630px) 100vw, 630px\" data-xoowscfly=\"fly\" \/><h2 class=\"woocommerce-loop-product__title\">MEMOIRE D'ALARIC<\/h2>\n\t<span class=\"price\"><span class='wmc-cache-pid' data-wmc_product_id='6591'><span class=\"ayudawp-lowest-price\"><span class=\"woocommerce-Price-amount amount\">22.00&nbsp;<span class=\"woocommerce-Price-currencySymbol\">\u20ac<\/span><\/span><\/span><\/span><\/span>\n<\/a><a href=\"https:\/\/pech-latt.com\/en\/produit\/memoire-dalaric\/\" aria-describedby=\"woocommerce_loop_add_to_cart_link_describedby_6591\" data-quantity=\"1\" class=\"button product_type_variable add_to_cart_button\" data-product_id=\"6591\" data-product_sku=\"\" aria-label=\"Select options for &ldquo;M\u00c9MOIRE D&#039;ALARIC&rdquo;\" rel=\"nofollow\">Select options<\/a>\t<span id=\"woocommerce_loop_add_to_cart_link_describedby_6591\" class=\"screen-reader-text\">\n\t\tThis product has multiple variants. The options may be chosen on the product page\t<\/span>\n<\/li>\n<li class=\"product type-product post-6588 status-publish instock product_cat-millesime has-post-thumbnail taxable shipping-taxable purchasable product-type-variable\">\n\t<a href=\"https:\/\/pech-latt.com\/en\/produit\/maquis-de-corbes\/\" class=\"woocommerce-LoopProduct-link woocommerce-loop-product__link\"><img loading=\"lazy\" decoding=\"async\" width=\"630\" height=\"891\" src=\"https:\/\/pech-latt.com\/wp-content\/uploads\/2024\/04\/240426_PECH-LATT-SITE-VIGNETTE-VIN_LE-MAQUIS-DES-CORBES-scaled.jpg\" class=\"attachment-woocommerce_thumbnail size-woocommerce_thumbnail\" alt=\"Le Maquis des Corbes - Vin bio AOC Corbi\u00e8res - Ch\u00e2teau Pech-Latt\" srcset=\"https:\/\/pech-latt.com\/wp-content\/uploads\/2024\/04\/240426_PECH-LATT-SITE-VIGNETTE-VIN_LE-MAQUIS-DES-CORBES-scaled-1260x1782.jpg 1260w, https:\/\/pech-latt.com\/wp-content\/uploads\/2024\/04\/240426_PECH-LATT-SITE-VIGNETTE-VIN_LE-MAQUIS-DES-CORBES-scaled-630x891.jpg 630w\" sizes=\"(max-width: 630px) 100vw, 630px\" data-xoowscfly=\"fly\" \/><h2 class=\"woocommerce-loop-product__title\">LE MAQUIS DES CORBES<\/h2>\n\t<span class=\"price\"><span class='wmc-cache-pid' data-wmc_product_id='6588'><span class=\"ayudawp-lowest-price\"><span class=\"woocommerce-Price-amount amount\">22.00&nbsp;<span class=\"woocommerce-Price-currencySymbol\">\u20ac<\/span><\/span><\/span><\/span><\/span>\n<\/a><a href=\"https:\/\/pech-latt.com\/en\/produit\/maquis-de-corbes\/\" aria-describedby=\"woocommerce_loop_add_to_cart_link_describedby_6588\" data-quantity=\"1\" class=\"button product_type_variable add_to_cart_button\" data-product_id=\"6588\" data-product_sku=\"\" aria-label=\"Select options for &ldquo;LE MAQUIS DES CORBES&rdquo;\" rel=\"nofollow\">Select options<\/a>\t<span id=\"woocommerce_loop_add_to_cart_link_describedby_6588\" class=\"screen-reader-text\">\n\t\tThis product has multiple variants. The options may be chosen on the product page\t<\/span>\n<\/li>\n<li class=\"product type-product post-6586 status-publish instock product_cat-millesime has-post-thumbnail taxable shipping-taxable purchasable product-type-variable\">\n\t<a href=\"https:\/\/pech-latt.com\/en\/produit\/lile-ardente\/\" class=\"woocommerce-LoopProduct-link woocommerce-loop-product__link\"><img loading=\"lazy\" decoding=\"async\" width=\"630\" height=\"891\" src=\"https:\/\/pech-latt.com\/wp-content\/uploads\/2024\/04\/240426_PECH-LATT-SITE-VIGNETTE-VIN_LILE-ARDENTE-1-scaled.jpg\" class=\"attachment-woocommerce_thumbnail size-woocommerce_thumbnail\" alt=\"L&#039;Ile Ardente - Organic Corbi\u00e8res Wine - Ch\u00e2teau Pech-Latt\" srcset=\"https:\/\/pech-latt.com\/wp-content\/uploads\/2024\/04\/240426_PECH-LATT-SITE-VIGNETTE-VIN_LILE-ARDENTE-1-scaled-1260x1782.jpg 1260w, https:\/\/pech-latt.com\/wp-content\/uploads\/2024\/04\/240426_PECH-LATT-SITE-VIGNETTE-VIN_LILE-ARDENTE-1-scaled-630x891.jpg 630w\" sizes=\"(max-width: 630px) 100vw, 630px\" data-xoowscfly=\"fly\" \/><h2 class=\"woocommerce-loop-product__title\">L'ILE ARDENTE<\/h2>\n\t<span class=\"price\"><span class='wmc-cache-pid' data-wmc_product_id='6586'><span class=\"ayudawp-lowest-price\"><span class=\"woocommerce-Price-amount amount\">22.00&nbsp;<span class=\"woocommerce-Price-currencySymbol\">\u20ac<\/span><\/span><\/span><\/span><\/span>\n<\/a><a href=\"https:\/\/pech-latt.com\/en\/produit\/lile-ardente\/\" aria-describedby=\"woocommerce_loop_add_to_cart_link_describedby_6586\" data-quantity=\"1\" class=\"button product_type_variable add_to_cart_button\" data-product_id=\"6586\" data-product_sku=\"\" aria-label=\"Select options for &ldquo;L&#039;\u00ceLE ARDENTE&rdquo;\" rel=\"nofollow\">Select options<\/a>\t<span id=\"woocommerce_loop_add_to_cart_link_describedby_6586\" class=\"screen-reader-text\">\n\t\tThis product has multiple variants. The options may be chosen on the product page\t<\/span>\n<\/li>\n<li class=\"product type-product post-1113006 status-publish last instock product_cat-102 product_cat-millesime has-post-thumbnail taxable shipping-taxable purchasable product-type-variable\">\n\t<a href=\"https:\/\/pech-latt.com\/en\/produit\/cuvee-reflexion-v-pastorello\/\" class=\"woocommerce-LoopProduct-link woocommerce-loop-product__link\"><img loading=\"lazy\" decoding=\"async\" width=\"630\" height=\"891\" src=\"https:\/\/pech-latt.com\/wp-content\/uploads\/2024\/04\/240426_PECH-LATT-SITE-VIGNETTE-VIN_PASTORELLO-scaled.jpg\" class=\"attachment-woocommerce_thumbnail size-woocommerce_thumbnail\" alt=\"Cuv\u00e9e R\u00e9flexion V. PASTORELLO - Organic Corbi\u00e8res Wine - Ch\u00e2teau Pech-Latt\" srcset=\"https:\/\/pech-latt.com\/wp-content\/uploads\/2024\/04\/240426_PECH-LATT-SITE-VIGNETTE-VIN_PASTORELLO-scaled-1260x1782.jpg 1260w, https:\/\/pech-latt.com\/wp-content\/uploads\/2024\/04\/240426_PECH-LATT-SITE-VIGNETTE-VIN_PASTORELLO-scaled-630x891.jpg 630w\" sizes=\"(max-width: 630px) 100vw, 630px\" data-xoowscfly=\"fly\" \/><h2 class=\"woocommerce-loop-product__title\">CUV\u00c9E REFLEXION VINCENT PASTORELLO<\/h2>\n\t<span class=\"price\"><span class='wmc-cache-pid' data-wmc_product_id='1113006'><span class=\"ayudawp-lowest-price\"><span class=\"woocommerce-Price-amount amount\">30.00&nbsp;<span class=\"woocommerce-Price-currencySymbol\">\u20ac<\/span><\/span><\/span><\/span><\/span>\n<\/a><a href=\"https:\/\/pech-latt.com\/en\/produit\/cuvee-reflexion-v-pastorello\/\" aria-describedby=\"woocommerce_loop_add_to_cart_link_describedby_1113006\" data-quantity=\"1\" class=\"button product_type_variable add_to_cart_button\" data-product_id=\"1113006\" data-product_sku=\"\" aria-label=\"Select options for &ldquo;CUV\u00c9E REFLEXION VINCENT PASTORELLO&rdquo;\" rel=\"nofollow\">Select options<\/a>\t<span id=\"woocommerce_loop_add_to_cart_link_describedby_1113006\" class=\"screen-reader-text\">\n\t\tThis product has multiple variants. The options may be chosen on the product page\t<\/span>\n<\/li>\n<li class=\"product type-product post-1113016 status-publish first instock product_cat-106 product_cat-millesime product_cat-syrah has-post-thumbnail taxable shipping-taxable purchasable product-type-variable\">\n\t<a href=\"https:\/\/pech-latt.com\/en\/produit\/reserve-des-syr\/\" class=\"woocommerce-LoopProduct-link woocommerce-loop-product__link\"><img loading=\"lazy\" decoding=\"async\" width=\"630\" height=\"891\" src=\"https:\/\/pech-latt.com\/wp-content\/uploads\/2024\/04\/240426_PECH-LATT-SITE-VIGNETTE-VIN_RESERVE-DES-SYR-scaled.jpg\" class=\"attachment-woocommerce_thumbnail size-woocommerce_thumbnail\" alt=\"R\u00e9serve des Syr - Organic Corbi\u00e8res Wine - Ch\u00e2teau Pech-Latt\" srcset=\"https:\/\/pech-latt.com\/wp-content\/uploads\/2024\/04\/240426_PECH-LATT-SITE-VIGNETTE-VIN_RESERVE-DES-SYR-scaled-1260x1782.jpg 1260w, https:\/\/pech-latt.com\/wp-content\/uploads\/2024\/04\/240426_PECH-LATT-SITE-VIGNETTE-VIN_RESERVE-DES-SYR-scaled-630x891.jpg 630w\" sizes=\"(max-width: 630px) 100vw, 630px\" data-xoowscfly=\"fly\" \/><h2 class=\"woocommerce-loop-product__title\">R\u00c9SERVE DES SYR<\/h2>\n\t<span class=\"price\"><span class='wmc-cache-pid' data-wmc_product_id='1113016'><span class=\"ayudawp-lowest-price\"><span class=\"woocommerce-Price-amount amount\">22.00&nbsp;<span class=\"woocommerce-Price-currencySymbol\">\u20ac<\/span><\/span><\/span><\/span><\/span>\n<\/a><a href=\"https:\/\/pech-latt.com\/en\/produit\/reserve-des-syr\/\" aria-describedby=\"woocommerce_loop_add_to_cart_link_describedby_1113016\" data-quantity=\"1\" class=\"button product_type_variable add_to_cart_button\" data-product_id=\"1113016\" data-product_sku=\"\" aria-label=\"Select options for &ldquo;R\u00c9SERVE DES SYR&rdquo;\" rel=\"nofollow\">Select options<\/a>\t<span id=\"woocommerce_loop_add_to_cart_link_describedby_1113016\" class=\"screen-reader-text\">\n\t\tThis product has multiple variants. The options may be chosen on the product page\t<\/span>\n<\/li>\n<\/ul>\n<\/div>\t\t\t\t<\/div>\n\t\t\t\t<\/div>\n\t\t\t\t\t<\/div>\n\t\t<\/div>\n\t\t\t\t\t<\/div>\n\t\t<\/section>\n\t\t<div class=\"elementor-element elementor-element-c0c6de1 e-con-full e-flex e-con e-parent\" data-id=\"c0c6de1\" data-element_type=\"container\" data-e-type=\"container\">\n\t\t\t\t<div class=\"elementor-element elementor-element-8715172 elementor-widget elementor-widget-text-editor\" data-id=\"8715172\" data-element_type=\"widget\" data-e-type=\"widget\" data-widget_type=\"text-editor.default\">\n\t\t\t\t<div class=\"elementor-widget-container\">\n\t\t\t\t\t\t\t\t\t<p>Nestled in the heart of <b>Corbi\u00e8res<\/b>, a region historically dedicated to nature-friendly viticulture, <b>Ch\u00e2teau Pech-Latt<\/b> stands out for its exemplary practices <b>and its commitment to organic viticulture since 1991.<\/b>This unique estate benefits from a privileged geographical location and of a particular geological character which make it a real gem of the Corbi\u00e8res terroir.<\/p><p><b>Chateau Pech-Latt's organic red wines from Corbi\u00e8res<\/b>, surprise with their <b>exceptional freshness, <\/b>allowing a pleasant tasting on all occasions.\u00a0<\/p><p>Each vintage reflects the uniqueness of this terroir and centuries-old know-how. These unique wines, cultivated according to the strictest principles of organic viticulture, are distinguished by their superior quality, each time being an exception in the world of wines.<\/p><p><b>A pioneer in respect for the environment and an early activist, Ch\u00e2teau Pech-Latt produces wines that capture the very essence of Corbi\u00e8res, a terroir of passion and tradition.<\/b> l&rsquo;\u00cele Ardente, la M\u00e9moire d\u2019Alaric ou le Grand Vin du Ch\u00e2teau\u2026 laquelle de ces cuv\u00e9es saura\u00a0vous\u00a0s\u00e9duire\u00a0?<\/p>\t\t\t\t\t\t\t\t<\/div>\n\t\t\t\t<\/div>\n\t\t\t\t<\/div>\n\t\t\t\t<\/div>","protected":false},"excerpt":{"rendered":"<p>nos vins JOYAU DU BIO, JOYAU DES CORBI\u00e8RES Nich\u00e9 au c\u0153ur des Corbi\u00e8res, une r\u00e9gion historiquement d\u00e9di\u00e9e \u00e0 la viticulture respectueuse de la nature, le Ch\u00e2teau Pech-Latt se distingue par ses pratiques exemplaires et son engagement envers la viticulture bio depuis 1991. Ce domaine unique b\u00e9n\u00e9ficie d&rsquo;une situation g\u00e9ographique privil\u00e9gi\u00e9e et d&rsquo;un caract\u00e8re g\u00e9ologique particulier [&hellip;]<\/p>\n","protected":false},"author":40,"featured_media":0,"parent":0,"menu_order":2,"comment_status":"closed","ping_status":"closed","template":"elementor_header_footer","meta":{"_acf_changed":false,"footnotes":""},"class_list":["post-990461","page","type-page","status-publish","hentry"],"acf":[],"publishpress_future_action":{"enabled":false,"date":"2026-05-06 20:40:31","action":"change-status","newStatus":"draft","terms":[],"taxonomy":"","extraData":[]},"publishpress_future_workflow_manual_trigger":{"enabledWorkflows":[]},"_links":{"self":[{"href":"https:\/\/pech-latt.com\/en\/wp-json\/wp\/v2\/pages\/990461","targetHints":{"allow":["GET"]}}],"collection":[{"href":"https:\/\/pech-latt.com\/en\/wp-json\/wp\/v2\/pages"}],"about":[{"href":"https:\/\/pech-latt.com\/en\/wp-json\/wp\/v2\/types\/page"}],"author":[{"embeddable":true,"href":"https:\/\/pech-latt.com\/en\/wp-json\/wp\/v2\/users\/40"}],"replies":[{"embeddable":true,"href":"https:\/\/pech-latt.com\/en\/wp-json\/wp\/v2\/comments?post=990461"}],"version-history":[{"count":3,"href":"https:\/\/pech-latt.com\/en\/wp-json\/wp\/v2\/pages\/990461\/revisions"}],"predecessor-version":[{"id":1114856,"href":"https:\/\/pech-latt.com\/en\/wp-json\/wp\/v2\/pages\/990461\/revisions\/1114856"}],"wp:attachment":[{"href":"https:\/\/pech-latt.com\/en\/wp-json\/wp\/v2\/media?parent=990461"}],"curies":[{"name":"wp","href":"https:\/\/api.w.org\/{rel}","templated":true}]}}