{"id":990453,"date":"2024-09-14T08:19:22","date_gmt":"2024-09-14T08:19:22","guid":{"rendered":"https:\/\/pech-latt.51-210-255-92.plesk.page\/?page_id=990453"},"modified":"2026-02-04T14:05:58","modified_gmt":"2026-02-04T14:05:58","slug":"livraisons-retours","status":"publish","type":"page","link":"https:\/\/pech-latt.com\/en\/livraisons-retours\/","title":{"rendered":"LIVRAISONS &#038; RETOURS"},"content":{"rendered":"<div data-elementor-type=\"wp-page\" data-elementor-id=\"990453\" class=\"elementor elementor-990453\" data-elementor-post-type=\"page\">\n\t\t\t\t<div class=\"elementor-element elementor-element-1c65d1e e-flex e-con-boxed e-con e-parent\" data-id=\"1c65d1e\" data-element_type=\"container\" data-e-type=\"container\">\n\t\t\t\t\t<div class=\"e-con-inner\">\n\t\t\t\t<div class=\"elementor-element elementor-element-8e0b6ca elementor-widget elementor-widget-heading\" data-id=\"8e0b6ca\" data-element_type=\"widget\" data-e-type=\"widget\" data-widget_type=\"heading.default\">\n\t\t\t\t<div class=\"elementor-widget-container\">\n\t\t\t\t\t<h1 class=\"elementor-heading-title elementor-size-default\">DELIVERIES AND RETURNS<\/h1>\t\t\t\t<\/div>\n\t\t\t\t<\/div>\n\t\t\t\t\t<\/div>\n\t\t\t\t<\/div>\n\t\t<div class=\"elementor-element elementor-element-322cb26 e-flex e-con-boxed e-con e-parent\" data-id=\"322cb26\" data-element_type=\"container\" data-e-type=\"container\">\n\t\t\t\t\t<div class=\"e-con-inner\">\n\t\t\t\t<div class=\"elementor-element elementor-element-373138d elementor-widget elementor-widget-heading\" data-id=\"373138d\" data-element_type=\"widget\" data-e-type=\"widget\" data-widget_type=\"heading.default\">\n\t\t\t\t<div class=\"elementor-widget-container\">\n\t\t\t\t\t<h2 class=\"elementor-heading-title elementor-size-default\">free delivery from 6 bottles within 48 business hours for France<\/h2>\t\t\t\t<\/div>\n\t\t\t\t<\/div>\n\t\t\t\t\t<\/div>\n\t\t\t\t<\/div>\n\t\t<div class=\"elementor-element elementor-element-aa6e2d0 e-con-full e-flex e-con e-parent\" data-id=\"aa6e2d0\" data-element_type=\"container\" data-e-type=\"container\" data-settings=\"{&quot;background_background&quot;:&quot;classic&quot;}\">\n\t\t<div class=\"elementor-element elementor-element-3788b41 e-flex e-con-boxed e-con e-child\" data-id=\"3788b41\" data-element_type=\"container\" data-e-type=\"container\">\n\t\t\t\t\t<div class=\"e-con-inner\">\n\t\t\t\t<div class=\"elementor-element elementor-element-ab91b31 elementor-widget__width-initial elementor-widget elementor-widget-text-editor\" data-id=\"ab91b31\" data-element_type=\"widget\" data-e-type=\"widget\" data-widget_type=\"text-editor.default\">\n\t\t\t\t<div class=\"elementor-widget-container\">\n\t\t\t\t\t\t\t\t\t<p><strong>We deliver starting from 1 bottle, if that is your choice. <\/strong><br><strong>Free delivery in France starting from 6 bottles.<\/strong><\/p>\n<p>For other destinations, simply enter your delivery address when placing your order. Delivery charges will be automatically calculated.<\/p>\n<p>Our teams work hard to <b>process all orders within 48 business hours.<\/b> We have selected <b>CHRONOPOST and UPS <\/b>to send our packages to ensure quality service. The choice between these carriers is made based on the most favorable price according to the weight and delivery address.<\/p>\n<p>In France, the delivery time from our carrier is 72 hours. In Europe, this period may extend up to 5 days depending on the destination country.<\/p>\n<p>As soon as your packages leave our cellars, you will receive a shipping number that will allow you to track the delivery progress.<\/p>\n<p>If you notice from the delivery tracking that your package seems delayed or stuck, feel free to email <b>our customer service <a href=\"https:\/\/pech-latt.com\/en\/visits-and-events\/\">through our contact form<\/a>, or directly by phone at +33 4 58 58 11 40 <\/b>, and we will offer you solutions.<\/p>\t\t\t\t\t\t\t\t<\/div>\n\t\t\t\t<\/div>\n\t\t\t\t\t<\/div>\n\t\t\t\t<\/div>\n\t\t<div class=\"elementor-element elementor-element-da4a547 e-flex e-con-boxed e-con e-child\" data-id=\"da4a547\" data-element_type=\"container\" data-e-type=\"container\">\n\t\t\t\t\t<div class=\"e-con-inner\">\n\t\t\t\t<div class=\"elementor-element elementor-element-be08ea3 elementor-widget elementor-widget-accordion\" data-id=\"be08ea3\" data-element_type=\"widget\" data-e-type=\"widget\" data-widget_type=\"accordion.default\">\n\t\t\t\t<div class=\"elementor-widget-container\">\n\t\t\t\t\t\t\t<div class=\"elementor-accordion\">\n\t\t\t\t\t\t\t<div class=\"elementor-accordion-item\">\n\t\t\t\t\t<h3 id=\"elementor-tab-title-1991\" class=\"elementor-tab-title\" data-tab=\"1\" role=\"button\" aria-controls=\"elementor-tab-content-1991\" aria-expanded=\"false\">\n\t\t\t\t\t\t\t\t\t\t\t\t\t<span class=\"elementor-accordion-icon elementor-accordion-icon-right\" aria-hidden=\"true\">\n\t\t\t\t\t\t\t\t\t\t\t\t\t\t\t<span class=\"elementor-accordion-icon-closed\"><i class=\"fas fa-plus\"><\/i><\/span>\n\t\t\t\t\t\t\t\t<span class=\"elementor-accordion-icon-opened\"><i class=\"fas fa-minus\"><\/i><\/span>\n\t\t\t\t\t\t\t\t\t\t\t\t\t\t<\/span>\n\t\t\t\t\t\t\t\t\t\t\t\t<a class=\"elementor-accordion-title\" tabindex=\"0\">ECO-RESPONSIBLE TRANSPORT<\/a>\n\t\t\t\t\t<\/h3>\n\t\t\t\t\t<div id=\"elementor-tab-content-1991\" class=\"elementor-tab-content elementor-clearfix\" data-tab=\"1\" role=\"region\" aria-labelledby=\"elementor-tab-title-1991\"><p>Transport is an important part of our eco-responsibility. While carbon-neutral transport remains a goal for many carriers, we have chosen to entrust the transport of our packages to Chronopost and UPS, both committed to long-term eco-friendly practices. For more information on this topic, <a href=\"https:\/\/pech-latt.com\/en\/faqs\/\">please check our FAQs.<\/a>.<\/p><\/div>\n\t\t\t\t<\/div>\n\t\t\t\t\t\t\t<div class=\"elementor-accordion-item\">\n\t\t\t\t\t<h3 id=\"elementor-tab-title-1992\" class=\"elementor-tab-title\" data-tab=\"2\" role=\"button\" aria-controls=\"elementor-tab-content-1992\" aria-expanded=\"false\">\n\t\t\t\t\t\t\t\t\t\t\t\t\t<span class=\"elementor-accordion-icon elementor-accordion-icon-right\" aria-hidden=\"true\">\n\t\t\t\t\t\t\t\t\t\t\t\t\t\t\t<span class=\"elementor-accordion-icon-closed\"><i class=\"fas fa-plus\"><\/i><\/span>\n\t\t\t\t\t\t\t\t<span class=\"elementor-accordion-icon-opened\"><i class=\"fas fa-minus\"><\/i><\/span>\n\t\t\t\t\t\t\t\t\t\t\t\t\t\t<\/span>\n\t\t\t\t\t\t\t\t\t\t\t\t<a class=\"elementor-accordion-title\" tabindex=\"0\">international deliveries<\/a>\n\t\t\t\t\t<\/h3>\n\t\t\t\t\t<div id=\"elementor-tab-content-1992\" class=\"elementor-tab-content elementor-clearfix\" data-tab=\"2\" role=\"region\" aria-labelledby=\"elementor-tab-title-1992\"><p>We currently ship our wines to France and 22 European countries, from neighboring countries like Switzerland, Belgium, Germany, and Italy to the Baltic states or Finland.<br \/>If the country you wish to have your delivery sent to does not yet appear in the possible destinations, please inform us by email at contact@pech-latt.com, and we will notify you once delivery to that country becomes available.<\/p><\/div>\n\t\t\t\t<\/div>\n\t\t\t\t\t\t\t<div class=\"elementor-accordion-item\">\n\t\t\t\t\t<h3 id=\"elementor-tab-title-1993\" class=\"elementor-tab-title\" data-tab=\"3\" role=\"button\" aria-controls=\"elementor-tab-content-1993\" aria-expanded=\"false\">\n\t\t\t\t\t\t\t\t\t\t\t\t\t<span class=\"elementor-accordion-icon elementor-accordion-icon-right\" aria-hidden=\"true\">\n\t\t\t\t\t\t\t\t\t\t\t\t\t\t\t<span class=\"elementor-accordion-icon-closed\"><i class=\"fas fa-plus\"><\/i><\/span>\n\t\t\t\t\t\t\t\t<span class=\"elementor-accordion-icon-opened\"><i class=\"fas fa-minus\"><\/i><\/span>\n\t\t\t\t\t\t\t\t\t\t\t\t\t\t<\/span>\n\t\t\t\t\t\t\t\t\t\t\t\t<a class=\"elementor-accordion-title\" tabindex=\"0\">returns<\/a>\n\t\t\t\t\t<\/h3>\n\t\t\t\t\t<div id=\"elementor-tab-content-1993\" class=\"elementor-tab-content elementor-clearfix\" data-tab=\"3\" role=\"region\" aria-labelledby=\"elementor-tab-title-1993\"><p>You can exercise your legal right of withdrawal and return your total or partial order within 14 days of receiving your order. The return shipping costs will be at your expense.<\/p><\/div>\n\t\t\t\t<\/div>\n\t\t\t\t\t\t\t<div class=\"elementor-accordion-item\">\n\t\t\t\t\t<h3 id=\"elementor-tab-title-1994\" class=\"elementor-tab-title\" data-tab=\"4\" role=\"button\" aria-controls=\"elementor-tab-content-1994\" aria-expanded=\"false\">\n\t\t\t\t\t\t\t\t\t\t\t\t\t<span class=\"elementor-accordion-icon elementor-accordion-icon-right\" aria-hidden=\"true\">\n\t\t\t\t\t\t\t\t\t\t\t\t\t\t\t<span class=\"elementor-accordion-icon-closed\"><i class=\"fas fa-plus\"><\/i><\/span>\n\t\t\t\t\t\t\t\t<span class=\"elementor-accordion-icon-opened\"><i class=\"fas fa-minus\"><\/i><\/span>\n\t\t\t\t\t\t\t\t\t\t\t\t\t\t<\/span>\n\t\t\t\t\t\t\t\t\t\t\t\t<a class=\"elementor-accordion-title\" tabindex=\"0\">breakage protection<\/a>\n\t\t\t\t\t<\/h3>\n\t\t\t\t\t<div id=\"elementor-tab-content-1994\" class=\"elementor-tab-content elementor-clearfix\" data-tab=\"4\" role=\"region\" aria-labelledby=\"elementor-tab-title-1994\"><p>All our packages are shipped in recyclable packaging designed to withstand shocks and prevent breakage during transport. If a bottle arrives broken, we invite you to contact our customer service by email <a href=\"https:\/\/pech-latt.com\/en\/visits-and-events\/\">through our contact form<\/a>, or directly by phone at +33 4 58 58 11 40, we will offer you solutions.<\/p><\/div>\n\t\t\t\t<\/div>\n\t\t\t\t\t\t\t\t<\/div>\n\t\t\t\t\t\t<\/div>\n\t\t\t\t<\/div>\n\t\t\t\t\t<\/div>\n\t\t\t\t<\/div>\n\t\t\t\t<\/div>\n\t\t\t\t<\/div>","protected":false},"excerpt":{"rendered":"<p>LIVRAISONS &amp; RETOURS livraison gratuite d\u00e8s 6 bouteilles en 48 h ouvr\u00e9es pour la France. Nous livrons \u00e0 partir de 1 bouteille, si tel est votre choix. La livraison est gratuite en France \u00e0 partir de 6 bouteilles. Pour les autres destinations, il vous suffit de renseigner votre adresse de livraison au moment de la [&hellip;]<\/p>\n","protected":false},"author":26,"featured_media":0,"parent":0,"menu_order":12,"comment_status":"closed","ping_status":"closed","template":"elementor_header_footer","meta":{"_acf_changed":false,"footnotes":""},"class_list":["post-990453","page","type-page","status-publish","hentry"],"acf":[],"publishpress_future_action":{"enabled":false,"date":"2026-05-07 13:10:50","action":"change-status","newStatus":"draft","terms":[],"taxonomy":"","extraData":[]},"publishpress_future_workflow_manual_trigger":{"enabledWorkflows":[]},"_links":{"self":[{"href":"https:\/\/pech-latt.com\/en\/wp-json\/wp\/v2\/pages\/990453","targetHints":{"allow":["GET"]}}],"collection":[{"href":"https:\/\/pech-latt.com\/en\/wp-json\/wp\/v2\/pages"}],"about":[{"href":"https:\/\/pech-latt.com\/en\/wp-json\/wp\/v2\/types\/page"}],"author":[{"embeddable":true,"href":"https:\/\/pech-latt.com\/en\/wp-json\/wp\/v2\/users\/26"}],"replies":[{"embeddable":true,"href":"https:\/\/pech-latt.com\/en\/wp-json\/wp\/v2\/comments?post=990453"}],"version-history":[{"count":6,"href":"https:\/\/pech-latt.com\/en\/wp-json\/wp\/v2\/pages\/990453\/revisions"}],"predecessor-version":[{"id":1114901,"href":"https:\/\/pech-latt.com\/en\/wp-json\/wp\/v2\/pages\/990453\/revisions\/1114901"}],"wp:attachment":[{"href":"https:\/\/pech-latt.com\/en\/wp-json\/wp\/v2\/media?parent=990453"}],"curies":[{"name":"wp","href":"https:\/\/api.w.org\/{rel}","templated":true}]}}