{"id":988372,"date":"2021-10-18T08:23:41","date_gmt":"2021-10-18T08:23:41","guid":{"rendered":"https:\/\/pech-latt.iotasolutions.fr\/?page_id=988372"},"modified":"2026-02-04T14:04:52","modified_gmt":"2026-02-04T14:04:52","slug":"legal-notice","status":"publish","type":"page","link":"https:\/\/pech-latt.com\/en\/mentions-legales\/","title":{"rendered":"Legal Notice"},"content":{"rendered":"<div data-elementor-type=\"wp-page\" data-elementor-id=\"988372\" class=\"elementor elementor-988372\" data-elementor-post-type=\"page\">\n\t\t\t\t\t\t<section class=\"elementor-section elementor-top-section elementor-element elementor-element-137496bb elementor-section-boxed elementor-section-height-default elementor-section-height-default\" data-id=\"137496bb\" data-element_type=\"section\" data-e-type=\"section\">\n\t\t\t\t\t\t<div class=\"elementor-container elementor-column-gap-default\">\n\t\t\t\t\t<div class=\"elementor-column elementor-col-100 elementor-top-column elementor-element elementor-element-a84e4b7\" data-id=\"a84e4b7\" data-element_type=\"column\" data-e-type=\"column\">\n\t\t\t<div class=\"elementor-widget-wrap elementor-element-populated\">\n\t\t\t\t\t\t<div class=\"elementor-element elementor-element-72bdee6 elementor-widget elementor-widget-heading\" data-id=\"72bdee6\" data-element_type=\"widget\" data-e-type=\"widget\" data-widget_type=\"heading.default\">\n\t\t\t\t<div class=\"elementor-widget-container\">\n\t\t\t\t\t<h1 class=\"elementor-heading-title elementor-size-default\">LEGAL NOTICE<\/h1>\t\t\t\t<\/div>\n\t\t\t\t<\/div>\n\t\t\t\t<div class=\"elementor-element elementor-element-fcb5181 elementor-widget elementor-widget-text-editor\" data-id=\"fcb5181\" data-element_type=\"widget\" data-e-type=\"widget\" data-widget_type=\"text-editor.default\">\n\t\t\t\t<div class=\"elementor-widget-container\">\n\t\t\t\t\t\t\t\t\t<p>In force on 16\/09\/2021<\/p><p>In accordance with the provisions of Articles 6-III and 19 of Law n \u00b0 2004-575 of June 21, 2004 for Confidence in the digital economy, known as LCEN, Users of the pech-latt.com site are informed of the these legal notices.<br \/>The connection and navigation on the site (indicate the name of the site) by the User implies full and unreserved acceptance of these legal notices.<br \/>These are accessible on the site under the heading \u201cLegal notices\u201d.<\/p>\t\t\t\t\t\t\t\t<\/div>\n\t\t\t\t<\/div>\n\t\t\t\t<div class=\"elementor-element elementor-element-154ea78 elementor-widget elementor-widget-heading\" data-id=\"154ea78\" data-element_type=\"widget\" data-e-type=\"widget\" data-widget_type=\"heading.default\">\n\t\t\t\t<div class=\"elementor-widget-container\">\n\t\t\t\t\t<h2 class=\"elementor-heading-title elementor-size-default\">ARTICLE 1: THE EDITOR<\/h2>\t\t\t\t<\/div>\n\t\t\t\t<\/div>\n\t\t\t\t<div class=\"elementor-element elementor-element-712a450 elementor-widget elementor-widget-text-editor\" data-id=\"712a450\" data-element_type=\"widget\" data-e-type=\"widget\" data-widget_type=\"text-editor.default\">\n\t\t\t\t<div class=\"elementor-widget-container\">\n\t\t\t\t\t\t\t\t\t<p>The pech-latt.com site is edited by SA NSG VINS with a capital of 8259144 euros, registered with the RCS of Dijon under number 391539756 whose head office is located at 6 rue de Chaux, telephone number 0380624310, e-mail address: contact (at) nsg-vins.com.<br \/>Intra-community VAT number: FR11391539756<\/p>\t\t\t\t\t\t\t\t<\/div>\n\t\t\t\t<\/div>\n\t\t\t\t<div class=\"elementor-element elementor-element-bcfeddc elementor-widget elementor-widget-heading\" data-id=\"bcfeddc\" data-element_type=\"widget\" data-e-type=\"widget\" data-widget_type=\"heading.default\">\n\t\t\t\t<div class=\"elementor-widget-container\">\n\t\t\t\t\t<h2 class=\"elementor-heading-title elementor-size-default\">ARTICLE 2: THE DESIGNER<\/h2>\t\t\t\t<\/div>\n\t\t\t\t<\/div>\n\t\t\t\t<div class=\"elementor-element elementor-element-2a643ad elementor-widget elementor-widget-text-editor\" data-id=\"2a643ad\" data-element_type=\"widget\" data-e-type=\"widget\" data-widget_type=\"text-editor.default\">\n\t\t\t\t<div class=\"elementor-widget-container\">\n\t\t\t\t\t\t\t\t\t<p>The conception of Pech-Latt.com website was done by\u00a0<a href=\"https:\/\/www.1703factory.com\/\" target=\"_blank\" rel=\"noopener\">1703 Factory Agency<\/a>, whose head office is located 10 Boulevard Bineau - 92300 Levallois Perret<\/p>\t\t\t\t\t\t\t\t<\/div>\n\t\t\t\t<\/div>\n\t\t\t\t<div class=\"elementor-element elementor-element-7727e9a elementor-widget elementor-widget-heading\" data-id=\"7727e9a\" data-element_type=\"widget\" data-e-type=\"widget\" data-widget_type=\"heading.default\">\n\t\t\t\t<div class=\"elementor-widget-container\">\n\t\t\t\t\t<h2 class=\"elementor-heading-title elementor-size-default\">ARTICLE 3: THE HOST<\/h2>\t\t\t\t<\/div>\n\t\t\t\t<\/div>\n\t\t\t\t<div class=\"elementor-element elementor-element-393df20 elementor-widget elementor-widget-text-editor\" data-id=\"393df20\" data-element_type=\"widget\" data-e-type=\"widget\" data-widget_type=\"text-editor.default\">\n\t\t\t\t<div class=\"elementor-widget-container\">\n\t\t\t\t\t\t\t\t\t<p>Nom de l&rsquo;h\u00e9bergeur\u00a0: o2switch \/ Adresse : Chem. des Pardiaux, 63000 Clermont-Ferrand, France \/ T\u00e9l\u00e9phone : 04 44 44 60 40 \/ Site web :\u00a0<a href=\"https:\/\/www.o2switch.fr\/\" target=\"_blank\" rel=\"noreferrer noopener\">https:\/\/www.o2switch.fr<\/a><\/p>\t\t\t\t\t\t\t\t<\/div>\n\t\t\t\t<\/div>\n\t\t\t\t<div class=\"elementor-element elementor-element-b3c994d elementor-widget elementor-widget-heading\" data-id=\"b3c994d\" data-element_type=\"widget\" data-e-type=\"widget\" data-widget_type=\"heading.default\">\n\t\t\t\t<div class=\"elementor-widget-container\">\n\t\t\t\t\t<h2 class=\"elementor-heading-title elementor-size-default\">ARTICLE 4: ACCESS TO THE SITE<\/h2>\t\t\t\t<\/div>\n\t\t\t\t<\/div>\n\t\t\t\t<div class=\"elementor-element elementor-element-62b36e3 elementor-widget elementor-widget-text-editor\" data-id=\"62b36e3\" data-element_type=\"widget\" data-e-type=\"widget\" data-widget_type=\"text-editor.default\">\n\t\t\t\t<div class=\"elementor-widget-container\">\n\t\t\t\t\t\t\t\t\t<p>The site is accessible from any location, 7 days a week, 24 hours a day, except in cases of force majeure, planned or unscheduled interruption and which may result from a need for maintenance.<br \/>In the event of modification, interruption or suspension of services, the pech-latt.com site cannot be held responsible.<\/p>\t\t\t\t\t\t\t\t<\/div>\n\t\t\t\t<\/div>\n\t\t\t\t<div class=\"elementor-element elementor-element-ca005de elementor-widget elementor-widget-heading\" data-id=\"ca005de\" data-element_type=\"widget\" data-e-type=\"widget\" data-widget_type=\"heading.default\">\n\t\t\t\t<div class=\"elementor-widget-container\">\n\t\t\t\t\t<h2 class=\"elementor-heading-title elementor-size-default\">ARTICLE 5: DATA COLLECTION<\/h2>\t\t\t\t<\/div>\n\t\t\t\t<\/div>\n\t\t\t\t<div class=\"elementor-element elementor-element-1809ea4 elementor-widget elementor-widget-text-editor\" data-id=\"1809ea4\" data-element_type=\"widget\" data-e-type=\"widget\" data-widget_type=\"text-editor.default\">\n\t\t\t\t<div class=\"elementor-widget-container\">\n\t\t\t\t\t\t\t\t\t<p>The site is exempt from declaration to the Commission Nationale Informatique et Libert\u00e9s (CNIL) insofar as it does not collect any data concerning users.<\/p>\t\t\t\t\t\t\t\t<\/div>\n\t\t\t\t<\/div>\n\t\t\t\t<div class=\"elementor-element elementor-element-6b9bf71 elementor-widget elementor-widget-menu-anchor\" data-id=\"6b9bf71\" data-element_type=\"widget\" data-e-type=\"widget\" data-widget_type=\"menu-anchor.default\">\n\t\t\t\t<div class=\"elementor-widget-container\">\n\t\t\t\t\t\t\t<div class=\"elementor-menu-anchor\" id=\"cookies\"><\/div>\n\t\t\t\t\t\t<\/div>\n\t\t\t\t<\/div>\n\t\t\t\t<div class=\"elementor-element elementor-element-99cffe9 elementor-widget elementor-widget-heading\" data-id=\"99cffe9\" data-element_type=\"widget\" data-e-type=\"widget\" data-widget_type=\"heading.default\">\n\t\t\t\t<div class=\"elementor-widget-container\">\n\t\t\t\t\t<h2 class=\"elementor-heading-title elementor-size-default\">ARTICLE 6: COOKIES<\/h2>\t\t\t\t<\/div>\n\t\t\t\t<\/div>\n\t\t\t\t<div class=\"elementor-element elementor-element-2dc94bb elementor-widget elementor-widget-text-editor\" data-id=\"2dc94bb\" data-element_type=\"widget\" data-e-type=\"widget\" data-widget_type=\"text-editor.default\">\n\t\t\t\t<div class=\"elementor-widget-container\">\n\t\t\t\t\t\t\t\t\t<p>The User is informed that during his visits to the site, a cookie may be automatically installed on his browser software.<br \/>By browsing the site, he accepts them.<br \/>A cookie is an element which does not allow the User to be identified but is used to record information relating to the user&#039;s navigation on the website. The User can deactivate this cookie through the parameters appearing in his browser software.<\/p>\t\t\t\t\t\t\t\t<\/div>\n\t\t\t\t<\/div>\n\t\t\t\t<div class=\"elementor-element elementor-element-c7f50c4 elementor-widget elementor-widget-heading\" data-id=\"c7f50c4\" data-element_type=\"widget\" data-e-type=\"widget\" data-widget_type=\"heading.default\">\n\t\t\t\t<div class=\"elementor-widget-container\">\n\t\t\t\t\t<h2 class=\"elementor-heading-title elementor-size-default\">ARTICLE 7: INTELLECTUAL PROPERTY<\/h2>\t\t\t\t<\/div>\n\t\t\t\t<\/div>\n\t\t\t\t<div class=\"elementor-element elementor-element-efced37 elementor-widget elementor-widget-text-editor\" data-id=\"efced37\" data-element_type=\"widget\" data-e-type=\"widget\" data-widget_type=\"text-editor.default\">\n\t\t\t\t<div class=\"elementor-widget-container\">\n\t\t\t\t\t\t\t\t\t<p>Any use, reproduction, distribution, marketing, modification of all or part of the pech-latt.com site without the permission of the Publisher is prohibited and may result in actions and legal proceedings as provided in particular by the Intellectual Property Code and the Civil Code.<\/p><p>Photo credit<br \/>Photographer: Caroline Faccioli<\/p>\t\t\t\t\t\t\t\t<\/div>\n\t\t\t\t<\/div>\n\t\t\t\t\t<\/div>\n\t\t<\/div>\n\t\t\t\t\t<\/div>\n\t\t<\/section>\n\t\t\t\t<\/div>","protected":false},"excerpt":{"rendered":"<p>MENTIONS L\u00c9GALES En vigueur au 16\/09\/2021 Conform\u00e9ment aux dispositions des Articles 6-III et 19 de la Loi n\u00b02004-575 du 21 juin 2004 pour la Confiance dans l\u2019\u00e9conomie num\u00e9rique, dite L.C.E.N., il est port\u00e9 \u00e0 la connaissance des Utilisateurs du site pech-latt.com les pr\u00e9sentes mentions l\u00e9gales.La connexion et la navigation sur le site (indiquer le nom [&hellip;]<\/p>\n","protected":false},"author":26,"featured_media":0,"parent":0,"menu_order":9,"comment_status":"closed","ping_status":"closed","template":"","meta":{"_acf_changed":false,"footnotes":""},"class_list":["post-988372","page","type-page","status-publish","hentry"],"acf":[],"publishpress_future_action":{"enabled":false,"date":"2026-05-09 12:18:37","action":"change-status","newStatus":"draft","terms":[],"taxonomy":"","extraData":[]},"publishpress_future_workflow_manual_trigger":{"enabledWorkflows":[]},"_links":{"self":[{"href":"https:\/\/pech-latt.com\/en\/wp-json\/wp\/v2\/pages\/988372","targetHints":{"allow":["GET"]}}],"collection":[{"href":"https:\/\/pech-latt.com\/en\/wp-json\/wp\/v2\/pages"}],"about":[{"href":"https:\/\/pech-latt.com\/en\/wp-json\/wp\/v2\/types\/page"}],"author":[{"embeddable":true,"href":"https:\/\/pech-latt.com\/en\/wp-json\/wp\/v2\/users\/26"}],"replies":[{"embeddable":true,"href":"https:\/\/pech-latt.com\/en\/wp-json\/wp\/v2\/comments?post=988372"}],"version-history":[{"count":24,"href":"https:\/\/pech-latt.com\/en\/wp-json\/wp\/v2\/pages\/988372\/revisions"}],"predecessor-version":[{"id":1114895,"href":"https:\/\/pech-latt.com\/en\/wp-json\/wp\/v2\/pages\/988372\/revisions\/1114895"}],"wp:attachment":[{"href":"https:\/\/pech-latt.com\/en\/wp-json\/wp\/v2\/media?parent=988372"}],"curies":[{"name":"wp","href":"https:\/\/api.w.org\/{rel}","templated":true}]}}