{"id":3,"date":"2021-10-06T09:51:06","date_gmt":"2021-10-06T09:51:06","guid":{"rendered":"https:\/\/pech-latt.iotasolutions.fr\/?page_id=3"},"modified":"2026-02-04T14:03:29","modified_gmt":"2026-02-04T14:03:29","slug":"privacy-policy","status":"publish","type":"page","link":"https:\/\/pech-latt.com\/en\/politique-confidentialite\/","title":{"rendered":"Privacy policy"},"content":{"rendered":"<div data-elementor-type=\"wp-page\" data-elementor-id=\"3\" class=\"elementor elementor-3\" data-elementor-post-type=\"page\">\n\t\t\t\t\t\t<section class=\"elementor-section elementor-top-section elementor-element elementor-element-365f1f9c elementor-section-boxed elementor-section-height-default elementor-section-height-default\" data-id=\"365f1f9c\" data-element_type=\"section\" data-e-type=\"section\" data-settings=\"{&quot;background_background&quot;:&quot;classic&quot;}\">\n\t\t\t\t\t\t<div class=\"elementor-container elementor-column-gap-default\">\n\t\t\t\t\t<div class=\"elementor-column elementor-col-100 elementor-top-column elementor-element elementor-element-3c7dbc08\" data-id=\"3c7dbc08\" data-element_type=\"column\" data-e-type=\"column\">\n\t\t\t<div class=\"elementor-widget-wrap elementor-element-populated\">\n\t\t\t\t\t\t<div class=\"elementor-element elementor-element-d7b272e elementor-widget elementor-widget-heading\" data-id=\"d7b272e\" data-element_type=\"widget\" data-e-type=\"widget\" data-widget_type=\"heading.default\">\n\t\t\t\t<div class=\"elementor-widget-container\">\n\t\t\t\t\t<h1 class=\"elementor-heading-title elementor-size-default\">PRIVACY POLICY<\/h1>\t\t\t\t<\/div>\n\t\t\t\t<\/div>\n\t\t\t\t<div class=\"elementor-element elementor-element-4aa1132 elementor-widget elementor-widget-heading\" data-id=\"4aa1132\" data-element_type=\"widget\" data-e-type=\"widget\" data-widget_type=\"heading.default\">\n\t\t\t\t<div class=\"elementor-widget-container\">\n\t\t\t\t\t<h2 class=\"elementor-heading-title elementor-size-default\">PERSONAL DATA PROTECTION POLICY<\/h2>\t\t\t\t<\/div>\n\t\t\t\t<\/div>\n\t\t\t\t<div class=\"elementor-element elementor-element-47c3254 elementor-widget elementor-widget-text-editor\" data-id=\"47c3254\" data-element_type=\"widget\" data-e-type=\"widget\" data-widget_type=\"text-editor.default\">\n\t\t\t\t<div class=\"elementor-widget-container\">\n\t\t\t\t\t\t\t\t\t<p>For any further information on the protection of personal data, you can also consult the website of the Commission Informatique et Libert\u00e9 https:\/\/www.cnil.fr<\/p>\t\t\t\t\t\t\t\t<\/div>\n\t\t\t\t<\/div>\n\t\t\t\t<div class=\"elementor-element elementor-element-80a188b elementor-widget elementor-widget-heading\" data-id=\"80a188b\" data-element_type=\"widget\" data-e-type=\"widget\" data-widget_type=\"heading.default\">\n\t\t\t\t<div class=\"elementor-widget-container\">\n\t\t\t\t\t<h2 class=\"elementor-heading-title elementor-size-default\">PERSON IN CHARGE OF PROCESSING PERSONAL DATA:<\/h2>\t\t\t\t<\/div>\n\t\t\t\t<\/div>\n\t\t\t\t<div class=\"elementor-element elementor-element-aa2514b elementor-widget elementor-widget-text-editor\" data-id=\"aa2514b\" data-element_type=\"widget\" data-e-type=\"widget\" data-widget_type=\"text-editor.default\">\n\t\t\t\t<div class=\"elementor-widget-container\">\n\t\t\t\t\t\t\t\t\t<p>The personal data collected on the site are processed by: NSG VINS pour Ch\u00e2teau Pech Latt, 6 rue de Chaux, 21700 Nuits-St-Georges<\/p>\t\t\t\t\t\t\t\t<\/div>\n\t\t\t\t<\/div>\n\t\t\t\t<div class=\"elementor-element elementor-element-8dcf21c elementor-widget elementor-widget-heading\" data-id=\"8dcf21c\" data-element_type=\"widget\" data-e-type=\"widget\" data-widget_type=\"heading.default\">\n\t\t\t\t<div class=\"elementor-widget-container\">\n\t\t\t\t\t<h2 class=\"elementor-heading-title elementor-size-default\">COLLECTION OF PERSONAL DATA<\/h2>\t\t\t\t<\/div>\n\t\t\t\t<\/div>\n\t\t\t\t<div class=\"elementor-element elementor-element-8732a2a elementor-widget elementor-widget-text-editor\" data-id=\"8732a2a\" data-element_type=\"widget\" data-e-type=\"widget\" data-widget_type=\"text-editor.default\">\n\t\t\t\t<div class=\"elementor-widget-container\">\n\t\t\t\t\t\t\t\t\t<p>We need to collect some of your personal data in order to best process your orders:<br \/><span style=\"font-family: Abeezee; font-size: 16px; letter-spacing: var(--vamtam-primary-font-letter-spacing-desktop,normal); text-transform: var(--vamtam-primary-font-transform,none);\">Management of customer relations and orders placed on our site.<\/span><\/p>\n<p>We mainly collect information about you for the management of your orders, delivery, invoices, etc...<\/p>\t\t\t\t\t\t\t\t<\/div>\n\t\t\t\t<\/div>\n\t\t\t\t<div class=\"elementor-element elementor-element-388b264 elementor-widget elementor-widget-heading\" data-id=\"388b264\" data-element_type=\"widget\" data-e-type=\"widget\" data-widget_type=\"heading.default\">\n\t\t\t\t<div class=\"elementor-widget-container\">\n\t\t\t\t\t<h2 class=\"elementor-heading-title elementor-size-default\">WHAT PERSONAL DATA IS COLLECTED?<\/h2>\t\t\t\t<\/div>\n\t\t\t\t<\/div>\n\t\t\t\t<div class=\"elementor-element elementor-element-c034858 elementor-widget elementor-widget-text-editor\" data-id=\"c034858\" data-element_type=\"widget\" data-e-type=\"widget\" data-widget_type=\"text-editor.default\">\n\t\t\t\t<div class=\"elementor-widget-container\">\n\t\t\t\t\t\t\t\t\t<p>We collect your personal data (name, first name, address, e-mail, IP address, telephone, order history, connection and navigation data). The mandatory nature of the data is indicated by an asterisk.<\/p>\t\t\t\t\t\t\t\t<\/div>\n\t\t\t\t<\/div>\n\t\t\t\t<div class=\"elementor-element elementor-element-f8f91a0 elementor-widget elementor-widget-heading\" data-id=\"f8f91a0\" data-element_type=\"widget\" data-e-type=\"widget\" data-widget_type=\"heading.default\">\n\t\t\t\t<div class=\"elementor-widget-container\">\n\t\t\t\t\t<h2 class=\"elementor-heading-title elementor-size-default\">COMMUNICATIONS RECEIVED FROM CH\u00c2TEAU PECH-LATT \/ NGS VINS<\/h2>\t\t\t\t<\/div>\n\t\t\t\t<\/div>\n\t\t\t\t<div class=\"elementor-element elementor-element-ac5bcac elementor-widget elementor-widget-text-editor\" data-id=\"ac5bcac\" data-element_type=\"widget\" data-e-type=\"widget\" data-widget_type=\"text-editor.default\">\n\t\t\t\t<div class=\"elementor-widget-container\">\n\t\t\t\t\t\t\t\t\t<p>Following an order (payment, shipping and delivery) you will receive a confirmation and follow-up email throughout the order process (shipping, delivery, return).<\/p>\n<p><!-- \/wp:paragraph --><!-- wp:paragraph --><\/p>\n<p>If you do not object, you will also receive newsletters of our various commercial offers.<\/p>\t\t\t\t\t\t\t\t<\/div>\n\t\t\t\t<\/div>\n\t\t\t\t<div class=\"elementor-element elementor-element-49a5100 elementor-widget elementor-widget-heading\" data-id=\"49a5100\" data-element_type=\"widget\" data-e-type=\"widget\" data-widget_type=\"heading.default\">\n\t\t\t\t<div class=\"elementor-widget-container\">\n\t\t\t\t\t<h2 class=\"elementor-heading-title elementor-size-default\">HOW TO MANAGE THE USE OF MY PERSONAL DATA?<\/h2>\t\t\t\t<\/div>\n\t\t\t\t<\/div>\n\t\t\t\t<div class=\"elementor-element elementor-element-db68852 elementor-widget elementor-widget-text-editor\" data-id=\"db68852\" data-element_type=\"widget\" data-e-type=\"widget\" data-widget_type=\"text-editor.default\">\n\t\t\t\t<div class=\"elementor-widget-container\">\n\t\t\t\t\t\t\t\t\t<p>You can at any time withdraw your consent or make a request to oppose the collection and use of your personal data:<\/p>\n<p><!-- \/wp:paragraph --><!-- wp:paragraph --><\/p>\n<p>By mail: contact (at) pech-latt.com<br \/>By mail at the following address: NSG VINS pour Ch\u00e2teau Pech Latt, 6 rue de Chaux, 21700 Nuits-St-Georges.<br \/><br \/>By specifying the request for deletion of account.<\/p>\t\t\t\t\t\t\t\t<\/div>\n\t\t\t\t<\/div>\n\t\t\t\t<div class=\"elementor-element elementor-element-7241715 elementor-widget elementor-widget-heading\" data-id=\"7241715\" data-element_type=\"widget\" data-e-type=\"widget\" data-widget_type=\"heading.default\">\n\t\t\t\t<div class=\"elementor-widget-container\">\n\t\t\t\t\t<h2 class=\"elementor-heading-title elementor-size-default\">MY RIGHTS REGARDING THE USE OF PERSONAL DATA<\/h2>\t\t\t\t<\/div>\n\t\t\t\t<\/div>\n\t\t\t\t<div class=\"elementor-element elementor-element-2509d8c elementor-widget elementor-widget-text-editor\" data-id=\"2509d8c\" data-element_type=\"widget\" data-e-type=\"widget\" data-widget_type=\"text-editor.default\">\n\t\t\t\t<div class=\"elementor-widget-container\">\n\t\t\t\t\t\t\t\t\t<p>In accordance with the regulation on the protection of personal data, you can exercise your rights (of rectification, deletion, opposition, limitation and portability) and define the fate of your personal data by email (contact(at)pech-latt.com) or by mail (NSG VINS pour Ch\u00e2teau Pech Latt, 6 rue de Chaux, 21700 Nuits-St-Georges)<\/p>\n<p><!-- \/wp:paragraph --><!-- wp:paragraph --><\/p>\n<p>You also have the right to make a complaint to the Commission Nationale de l'Informatique et des Libert\u00e9s (CNIL) on its website www.cnil.fr<\/p>\n<p><!-- \/wp:paragraph --><!-- wp:paragraph --><\/p>\n<p>You can also make a complaint to the Data Protection Officer (DPO) who is responsible for guaranteeing the protection of personal data collected by NSG VINS pour Ch\u00e2teau Pech Latt, at the following address: contact(at)pech-latt.com.<\/p>\t\t\t\t\t\t\t\t<\/div>\n\t\t\t\t<\/div>\n\t\t\t\t\t<\/div>\n\t\t<\/div>\n\t\t\t\t\t<\/div>\n\t\t<\/section>\n\t\t\t\t<\/div>","protected":false},"excerpt":{"rendered":"<p>POLITIQUE DE CONFIDENTIALIT\u00c9 POLITIQUE DE PROTECTION DES DONN\u00c9ES PERSONNELLES Pour toute information compl\u00e9mentaire sur la protection des donn\u00e9es personnelles, vous pouvez \u00e9galement consulter le site de la Commission Informatique et Libert\u00e9 https:\/\/www.cnil.fr RESPONSABILIT\u00c9 DU TRAITEMENT DES DONN\u00c9ES PERSONNELLES Les donn\u00e9es personnelles collect\u00e9es sur le site sont trait\u00e9es par :\u00a0NSG VINS pour Ch\u00e2teau Pech Latt, 6 [&hellip;]<\/p>\n","protected":false},"author":26,"featured_media":0,"parent":0,"menu_order":10,"comment_status":"closed","ping_status":"closed","template":"elementor_header_footer","meta":{"_acf_changed":false,"footnotes":""},"class_list":["post-3","page","type-page","status-publish","hentry"],"acf":[],"publishpress_future_action":{"enabled":false,"date":"2026-05-07 21:01:49","action":"change-status","newStatus":"draft","terms":[],"taxonomy":"","extraData":[]},"publishpress_future_workflow_manual_trigger":{"enabledWorkflows":[]},"_links":{"self":[{"href":"https:\/\/pech-latt.com\/en\/wp-json\/wp\/v2\/pages\/3","targetHints":{"allow":["GET"]}}],"collection":[{"href":"https:\/\/pech-latt.com\/en\/wp-json\/wp\/v2\/pages"}],"about":[{"href":"https:\/\/pech-latt.com\/en\/wp-json\/wp\/v2\/types\/page"}],"author":[{"embeddable":true,"href":"https:\/\/pech-latt.com\/en\/wp-json\/wp\/v2\/users\/26"}],"replies":[{"embeddable":true,"href":"https:\/\/pech-latt.com\/en\/wp-json\/wp\/v2\/comments?post=3"}],"version-history":[{"count":6,"href":"https:\/\/pech-latt.com\/en\/wp-json\/wp\/v2\/pages\/3\/revisions"}],"predecessor-version":[{"id":1114892,"href":"https:\/\/pech-latt.com\/en\/wp-json\/wp\/v2\/pages\/3\/revisions\/1114892"}],"wp:attachment":[{"href":"https:\/\/pech-latt.com\/en\/wp-json\/wp\/v2\/media?parent=3"}],"curies":[{"name":"wp","href":"https:\/\/api.w.org\/{rel}","templated":true}]}}