{"id":1114299,"date":"2024-12-01T13:16:02","date_gmt":"2024-12-01T13:16:02","guid":{"rendered":"https:\/\/pech-latt.com\/?page_id=1114299"},"modified":"2026-02-04T13:50:23","modified_gmt":"2026-02-04T13:50:23","slug":"ou-nous-trouver","status":"publish","type":"page","link":"https:\/\/pech-latt.com\/en\/ou-nous-trouver\/","title":{"rendered":"Ou nous trouver"},"content":{"rendered":"<div data-elementor-type=\"wp-page\" data-elementor-id=\"1114299\" class=\"elementor elementor-1114299\" data-elementor-post-type=\"page\">\n\t\t\t\t\t\t<section class=\"elementor-section elementor-top-section elementor-element elementor-element-195f79e elementor-section-boxed elementor-section-height-default elementor-section-height-default\" data-id=\"195f79e\" data-element_type=\"section\" data-e-type=\"section\">\n\t\t\t\t\t\t<div class=\"elementor-container elementor-column-gap-default\">\n\t\t\t\t\t<div class=\"elementor-column elementor-col-100 elementor-top-column elementor-element elementor-element-3d6a3dc\" data-id=\"3d6a3dc\" data-element_type=\"column\" data-e-type=\"column\">\n\t\t\t<div class=\"elementor-widget-wrap elementor-element-populated\">\n\t\t\t\t\t\t<div class=\"elementor-element elementor-element-c418e1c elementor-widget elementor-widget-heading\" data-id=\"c418e1c\" data-element_type=\"widget\" data-e-type=\"widget\" data-widget_type=\"heading.default\">\n\t\t\t\t<div class=\"elementor-widget-container\">\n\t\t\t\t\t<h3 class=\"elementor-heading-title elementor-size-default\">WHERE TO FIND US?<\/h3>\t\t\t\t<\/div>\n\t\t\t\t<\/div>\n\t\t\t\t<div class=\"elementor-element elementor-element-5d0ae77 intro elementor-widget elementor-widget-text-editor\" data-id=\"5d0ae77\" data-element_type=\"widget\" data-e-type=\"widget\" id=\"intro\" data-widget_type=\"text-editor.default\">\n\t\t\t\t<div class=\"elementor-widget-container\">\n\t\t\t\t\t\t\t\t\t<p>Through the search engine below, you will find all the wine merchants across France offering our Corbi\u00e8res wines for sale, as well as the restaurants where you can enjoy our PECH-LATT wines.<\/p><p>We thank them for their trust and are confident that they will provide you with the best advice <br \/>to help you in your choice.<\/p><p>We are also proud to have been selected by the sommeliers of many restaurants,<br \/><span style=\"color: var( --e-global-color-vamtam_accent_6 );\">ensuring that Ch\u00e2teau Pech-Latt\u2019s vintages are featured on their menus.<\/span><\/p>\t\t\t\t\t\t\t\t<\/div>\n\t\t\t\t<\/div>\n\t\t\t\t\t<\/div>\n\t\t<\/div>\n\t\t\t\t\t<\/div>\n\t\t<\/section>\n\t\t<div class=\"elementor-element elementor-element-7950710 e-flex e-con-boxed e-con e-parent\" data-id=\"7950710\" data-element_type=\"container\" data-e-type=\"container\">\n\t\t\t\t\t<div class=\"e-con-inner\">\n\t\t\t\t<div class=\"elementor-element elementor-element-1ae7e30 elementor-widget elementor-widget-shortcode\" data-id=\"1ae7e30\" data-element_type=\"widget\" data-e-type=\"widget\" data-widget_type=\"shortcode.default\">\n\t\t\t\t<div class=\"elementor-widget-container\">\n\t\t\t\t\t\t\t<div class=\"elementor-shortcode\"><style type=\"text\/css\">\n  body #asl-storelocator.asl-cont.asl-template-0 {--sl-font-size: 13px;--sl-title-size: 15px;--sl-btn-size: 13px;--sl-primary: #000000;--sl-header: #F7F7F7;--sl-header-color: #000000;--sl-infobox-color: #ffffff;--sl-infobox-bg: #000000;--sl-infobox-a: #ffffff;--sl-action-btn-color: #FFFFFF;--sl-action-btn-bg: #000000;--sl-color: #000000;--sl-list-bg: #FFFFFF;--sl-list-title: #000000;--sl-list-sub-title: #6a6a6a;--sl-highlighted: #F7F7F7;}.asl-p-cont .asl-print-btn,.asl-cont .asl-print-btn {display: none !important;}  .asl-cont .onoffswitch .onoffswitch-label .onoffswitch-switch:before {content: \"OPEN\" !important;}\n  .asl-cont .onoffswitch .onoffswitch-label .onoffswitch-switch:after {content: \"ALL\" !important;}\n  @media (max-width: 767px) {\n    #asl-storelocator.asl-cont .asl-panel {order: 0;}\n  }\n  .asl-cont.sl-search-only .Filter_section + .sl-row {display: none;}\n  .asl-cont .sl-hide-branches,\n  .asl-cont .sl-hide-branches:hover {color: #FFF !important; text-decoration: none !important;cursor: pointer;}\n<\/style>\n<div id=\"asl-storelocator\" class=\"storelocator-main asl-cont asl-template-0 asl-layout-0 asl-bg-0  asl-text-1\">\n  <div class=\"asl-wrapper\" data-no-translation=\"\">\n    <div class=\"sl-container\" data-no-translation=\"\">\n             \n      <div class=\"sl-row Filter_section\" data-no-translation=\"\">\n          <div class=\"pol-lg-4 pol-md-5 pol-sm-12 search_filter\" data-no-translation=\"\">\n              <label class=\"mb-2\" for=\"auto-complete-search\">Search Location<\/label>\n              <div class=\"sl-search-group d-flex\" data-no-translation=\"\">\n                <input type=\"text\" value=\"\" data-submit=\"disable\" id=\"auto-complete-search\" placeholder=\"Entrez une adresse\"  class=\"asl-search-address form-control isp_ignore\">\n                <button aria-label=\"Search Location\" title=\"Search Location\" type=\"button\" class=\"span-geo\"><i class=\"icon-search\"><\/i><\/button>\n              <\/div>\n          <\/div>\n          <div class=\"pol-lg-8 pol-md-7 pol-sm-12\" data-no-translation=\"\">\n            <div class=\"sl-row\" data-no-translation=\"\">\n              <div class=\"pol-sm-12 asl-advance-filters hide\" data-no-translation=\"\">\n                <div class=\"sl-row\" data-no-translation=\"\">\n                                                      <div class=\"pol-lg-4 pol-md-6 pol-sm-12  asl-ddl-filters asl-ddl-filter-cats\" data-no-translation=\"\">\n                      <div class=\"asl-filter-cntrl\" data-no-translation=\"\">\n                        <label class=\"asl-cntrl-lbl\" for=\"asl-categories\">Category<\/label>\n                        <div class=\"sl-dropdown-cont\" id=\"categories_filter\" data-no-translation=\"\">\n                        <\/div>\n                      <\/div>\n                  <\/div>\n                                                                        <div class=\"pol-lg-4 pol-md-6 pol-sm-12 range_filter asl-ddl-filters hide\" data-no-translation=\"\">\n                    <div class=\"rangeFilter asl-filter-cntrl\" data-no-translation=\"\">\n                      <label for=\"asl-radius-slide\" class=\"asl-cntrl-lbl\">Distance Range<\/label>\n                      <input id=\"asl-radius-slide\" type=\"text\" class=\"span2\" \/>\n                      <span class=\"rad-unit\">Radius: <span id=\"asl-radius-input\"><\/span> <span id=\"asl-dist-unit\">Km<\/span><\/span>\n                    <\/div>\n                  <\/div>\n                  <div class=\"pol-lg-2 pol-md-3 pol-sm-12 Status_filter\" data-no-translation=\"\">\n                    <div class=\"asl-filter-cntrl\" data-no-translation=\"\">\n                      <label class=\"asl-cntrl-lbl\">Status<\/label>\n                      <div class=\"onoffswitch\" data-no-translation=\"\">\n                        <input type=\"checkbox\" name=\"onoffswitch\" class=\"onoffswitch-checkbox\" id=\"asl-open-close\" checked>\n                        <label aria-label=\"Opened Stores\" title=\"Opened Stores\" class=\"onoffswitch-label\" for=\"asl-open-close\">\n                            <span class=\"onoffswitch-inner\"><\/span>\n                            <span class=\"onoffswitch-switch\"><\/span>\n                        <\/label>\n                      <\/div>\n                    <\/div>\n                  <\/div>\n                <\/div>\n              <\/div>\n            <\/div>\n          <\/div>\n      <\/div>\n            <div class=\"sl-row\" data-no-translation=\"\">\n        <div class=\"pol-12\" data-no-translation=\"\">\n            <div class=\"sl-main-cont\" data-no-translation=\"\">\n                <div class=\"sl-row no-gutters sl-main-row\" data-no-translation=\"\">\n                    <div id=\"asl-panel\" class=\"asl-panel pol-md-5 pol-lg-4 asl_locator-panel\" data-no-translation=\"\">\n                        <div class=\"asl-overlay\" id=\"map-loading\" data-no-translation=\"\">\n                            <div class=\"white\" data-no-translation=\"\"><\/div>\n                            <div class=\"sl-loading\" data-no-translation=\"\">\n                              <i class=\"animate-sl-spin icon-spin3\"><\/i>\n                              Loading...                            <\/div>\n                        <\/div>\n                                                <!-- list -->\n                        <div class=\"asl-panel-inner\" data-no-translation=\"\">\n                            <div class=\"top-title Num_of_store\" data-no-translation=\"\">\n                              <span><span class=\"sl-head-title\"><\/span>: <span class=\"count-result\">0<\/span><\/span>\n                                                              <a class=\"asl-print-btn\"><span>PRINT<\/span><span class=\"asl-print\"><\/span><\/a>\n                                                          <\/div>\n                            <div class=\"sl-main-cont-box\" data-no-translation=\"\">\n                              <div id=\"asl-list\" class=\"sl-list-wrapper\" data-no-translation=\"\">\n                                <ul id=\"p-statelist\" class=\"sl-list\">\n                                <\/ul>\n                              <\/div>\n                            <\/div>\n                        <\/div>\n\n                        <div class=\"directions-cont hide\" data-no-translation=\"\">\n                            <div class=\"agile-modal-header\" data-no-translation=\"\">\n                                <button type=\"button\" class=\"close\"><span aria-hidden=\"true\">\u00d7<\/span><\/button>\n                                <h4>Store Direction<\/h4>\n                            <\/div>\n                            <div class=\"rendered-directions\" id=\"asl-rendered-dir\" style=\"direction: ltr;\" data-no-translation=\"\"><\/div>\n                        <\/div>\n                    <\/div>\n                    <div class=\"pol-md-7 pol-lg-8 asl-map\" data-no-translation=\"\">\n                        <div class=\"map-image\" data-no-translation=\"\">\n                            <div id=\"asl-map-canv\" class=\"asl-map-canv\" data-no-translation=\"\"><\/div>\n                            <div id=\"agile-modal-direction\" class=\"agile-modal fade\" data-no-translation=\"\">\n    <div class=\"agile-modal-backdrop-in\" data-no-translation=\"\"><\/div>\n    <div class=\"agile-modal-dialog in\" data-no-translation=\"\">\n        <div class=\"agile-modal-content\" data-no-translation=\"\">\n            <div class=\"sl-form-group d-flex justify-content-between\" data-no-translation=\"\">\n                <h4 >OBTENIR ITINERAIRE<\/h4>\n                <button type=\"button\" class=\"close-directions sl-close\" data-dismiss=\"agile-modal\" aria-label=\"Close\">&times;<\/button>\n            <\/div>\n            <div class=\"sl-form-group\" data-no-translation=\"\">\n                <label for=\"frm-lbl\">From:<\/label>\n                <input type=\"text\" class=\"form-control frm-place\" id=\"frm-lbl\" placeholder=\"Entrez une adresse\">\n            <\/div>\n            <div class=\"sl-form-group\" data-no-translation=\"\">\n                <label for=\"to-lbl\">To:<\/label>\n                <input readonly=\"true\" type=\"text\"  class=\"directions-to form-control\" id=\"to-lbl\" placeholder=\"Prepopulated Destination Address\">\n            <\/div>\n            <div class=\"sl-form-group mb-0\" data-no-translation=\"\">\n                <label for=\"rbtn-km\" class=\"checkbox-inline\">\n                    <input type=\"radio\" name=\"dist-type\"  id=\"rbtn-km\" value=\"0\"> Km                <\/label>\n                <label for=\"rbtn-mile\" class=\"checkbox-inline\">\n                    <input type=\"radio\" name=\"dist-type\" checked id=\"rbtn-mile\" value=\"1\"> Miles                <\/label>\n            <\/div>\n            <div class=\"sl-form-group mb-0\" data-no-translation=\"\">\n                <button type=\"submit\" class=\"btn btn-default btn-submit\">OBTENIR ITINERAIRE<\/button>\n            <\/div>\n        <\/div>\n    <\/div>\n<\/div>\n\n<div id=\"asl-geolocation-agile-modal\" class=\"agile-modal fade\" data-no-translation=\"\">\n  <div class=\"agile-modal-backdrop-in\" data-no-translation=\"\"><\/div>\n  <div class=\"agile-modal-dialog in\" data-no-translation=\"\">\n    <div class=\"agile-modal-content\" data-no-translation=\"\">\n            <div class=\"sl-form-group d-flex justify-content-between\" data-no-translation=\"\">\n        <h4>LOCATE YOUR GEOPOSITION<\/h4>\n        <button type=\"button\" class=\"close-directions sl-close\" data-dismiss=\"agile-modal\" aria-label=\"Close\" aria-hidden=\"true\">&times;<\/button>\n      <\/div>\n      <div class=\"sl-form-group\" data-no-translation=\"\">\n        <div class=\"sl-row\" data-no-translation=\"\">\n        <div class=\"pol-lg-12 mb-2\" data-no-translation=\"\">\n          <input type=\"text\" class=\"form-control\" id=\"asl-current-loc\" placeholder=\"Your Address\">\n        <\/div>\n        <div class=\"pol-lg-12\" data-no-translation=\"\">\n          <button type=\"button\" id=\"asl-btn-locate\" class=\"btn btn-block btn-default\">LOCATE<\/button>\n        <\/div>\n        <\/div>\n      <\/div>\n          <\/div>\n  <\/div>\n<\/div>\n\n<div id=\"asl-desc-agile-modal\" class=\"agile-modal fade\" data-no-translation=\"\">\n  <div class=\"agile-modal-backdrop-in\" data-no-translation=\"\"><\/div>\n  <div class=\"agile-modal-dialog in\" data-no-translation=\"\">\n    <div class=\"agile-modal-content\" data-no-translation=\"\">\n      <div class=\"sl-row\" data-no-translation=\"\">\n        <div class=\"pol-md-12\" data-no-translation=\"\">\n          <div class=\"sl-form-group d-flex justify-content-between\" data-no-translation=\"\">\n            <h4 class=\"sl-title\">Description<\/h4>\n            <button type=\"button\" class=\"close-directions sl-close\" data-dismiss=\"agile-modal\" aria-label=\"Close\">&times;<\/button>\n          <\/div>\n          <div class=\"sl-desc\" data-no-translation=\"\"><\/div>\n        <\/div>\n      <\/div>\n    <\/div>\n  <\/div>\n<\/div>                        <\/div>\n                    <\/div>\n                <\/div>\n            <\/div>\n        <\/div>\n      <\/div>\n    <\/div>\n      <\/div>\n<\/div>\n<!-- This plugin is developed by \"Agile Store Locator for WordPress\" https:\/\/agilestorelocator.com -->\n<script type=\"text\/javascript\">\nfunction asl_event_hook(_event) {\n   \n  if(_event.type == 'init') {\n    \n    \/\/  You can replace my-custom-button-class with your own class for the button\n    jQuery('.my-custom-button-class').bind('click', function(e) {\n\n      \/\/  initiate geolocation\n      asl_view.geolocate_();\n\n    });\n  }\n}\n<\/script><\/div>\n\t\t\t\t\t\t<\/div>\n\t\t\t\t<\/div>\n\t\t\t\t\t<\/div>\n\t\t\t\t<\/div>\n\t\t\t\t<\/div>","protected":false},"excerpt":{"rendered":"<p>O\u00d9 NOUS TROUVER ? Vous trouverez via le moteur de recherche ci-dessous tous les cavistes r\u00e9partis sur la France qui proposent nos vins des Corbi\u00e8res \u00e0 la vente et les restaurants o\u00f9 vous pourrez d\u00e9guster nos vins PECH-LATT. Nous les remercions de leur confiance et sommes certains qu&rsquo;ils sauront vous apporter les meilleurs conseils pour [&hellip;]<\/p>\n","protected":false},"author":40,"featured_media":0,"parent":0,"menu_order":0,"comment_status":"closed","ping_status":"closed","template":"elementor_header_footer","meta":{"_acf_changed":false,"footnotes":""},"class_list":["post-1114299","page","type-page","status-publish","hentry"],"acf":[],"publishpress_future_action":{"enabled":false,"date":"2026-05-08 15:18:33","action":"change-status","newStatus":"draft","terms":[],"taxonomy":"","extraData":[]},"publishpress_future_workflow_manual_trigger":{"enabledWorkflows":[]},"_links":{"self":[{"href":"https:\/\/pech-latt.com\/en\/wp-json\/wp\/v2\/pages\/1114299","targetHints":{"allow":["GET"]}}],"collection":[{"href":"https:\/\/pech-latt.com\/en\/wp-json\/wp\/v2\/pages"}],"about":[{"href":"https:\/\/pech-latt.com\/en\/wp-json\/wp\/v2\/types\/page"}],"author":[{"embeddable":true,"href":"https:\/\/pech-latt.com\/en\/wp-json\/wp\/v2\/users\/40"}],"replies":[{"embeddable":true,"href":"https:\/\/pech-latt.com\/en\/wp-json\/wp\/v2\/comments?post=1114299"}],"version-history":[{"count":19,"href":"https:\/\/pech-latt.com\/en\/wp-json\/wp\/v2\/pages\/1114299\/revisions"}],"predecessor-version":[{"id":1114868,"href":"https:\/\/pech-latt.com\/en\/wp-json\/wp\/v2\/pages\/1114299\/revisions\/1114868"}],"wp:attachment":[{"href":"https:\/\/pech-latt.com\/en\/wp-json\/wp\/v2\/media?parent=1114299"}],"curies":[{"name":"wp","href":"https:\/\/api.w.org\/{rel}","templated":true}]}}